{"id":227,"date":"2022-10-12T13:46:22","date_gmt":"2022-10-12T13:46:22","guid":{"rendered":"https:\/\/aneobrasilia.com.br\/?page_id=227"},"modified":"2023-07-25T14:27:59","modified_gmt":"2023-07-25T14:27:59","slug":"parceiros","status":"publish","type":"page","link":"https:\/\/aneobrasil.com.br\/?page_id=227","title":{"rendered":"PARCEIROS"},"content":{"rendered":"\n<div class=\"wp-block-uagb-container uagb-block-e8574f3c alignfull uagb-is-root-container\"><div class=\"uagb-container-inner-blocks-wrap\"><\/div><\/div>\n\n\n\n<div class=\"wp-block-uagb-container uagb-block-76a6e2bb alignfull uagb-is-root-container\"><div class=\"uagb-container-inner-blocks-wrap\"><\/div><\/div>\n\n\n\n<div class=\"wp-block-uagb-container uagb-block-11e0e4a2 alignfull uagb-is-root-container\"><div class=\"uagb-container-inner-blocks-wrap\"><\/div><\/div>\n\n\n\n<div class=\"wp-block-uagb-container animated backInDown uagb-block-d4e7341a alignfull uagb-is-root-container\"><div class=\"uagb-container-inner-blocks-wrap\"><\/div><\/div>\n\n\n\n<div class=\"wp-block-uagb-container uagb-block-ec3c2803 alignfull uagb-is-root-container\"><div class=\"uagb-container-inner-blocks-wrap\">\n<div class=\"wp-block-columns has-border-color has-ast-global-color-5-border-color has-ffffff-background-color has-background is-layout-flex wp-container-core-columns-is-layout-28f84493 wp-block-columns-is-layout-flex\">\n<div class=\"wp-block-column is-vertically-aligned-center is-layout-flow wp-block-column-is-layout-flow\">\n<figure class=\"wp-block-image size-large is-resized animated backInLeft\"><img decoding=\"async\" src=\"https:\/\/aneobrasil.com.br\/wp-content\/uploads\/2023\/06\/SCMI-Logo-1024x490.png\" alt=\"\" class=\"wp-image-2396\" width=\"178\" height=\"84\" srcset=\"https:\/\/aneobrasil.com.br\/wp-content\/uploads\/2023\/06\/SCMI-Logo-1024x490.png 1024w, https:\/\/aneobrasil.com.br\/wp-content\/uploads\/2023\/06\/SCMI-Logo-300x143.png 300w, https:\/\/aneobrasil.com.br\/wp-content\/uploads\/2023\/06\/SCMI-Logo-768x367.png 768w, https:\/\/aneobrasil.com.br\/wp-content\/uploads\/2023\/06\/SCMI-Logo-1536x734.png 1536w, https:\/\/aneobrasil.com.br\/wp-content\/uploads\/2023\/06\/SCMI-Logo-2048x979.png 2048w\" sizes=\"(max-width: 178px) 100vw, 178px\" \/><\/figure>\n<\/div>\n\n\n\n<div class=\"wp-block-column is-vertically-aligned-center is-layout-flow wp-block-column-is-layout-flow\">\n<div class=\"wp-block-uagb-image uagb-block-22078149 wp-block-uagb-image--layout-default wp-block-uagb-image--effect-zoomin wp-block-uagb-image--align-none animated backInLeft\"><figure class=\"wp-block-uagb-image__figure\"><img loading=\"lazy\" decoding=\"async\" srcset=\"https:\/\/aneobrasil.com.br\/wp-content\/uploads\/2022\/10\/image-2.png \" src=\"https:\/\/aneobrasil.com.br\/wp-content\/uploads\/2022\/10\/image-2.png\" alt=\"Imagem do Parceiro - 3M\" class=\"uag-image-397\" width=\"220\" height=\"120\" title=\"\" loading=\"lazy\"\/><\/figure><\/div>\n<\/div>\n\n\n\n<div class=\"wp-block-column is-vertically-aligned-center is-layout-flow wp-block-column-is-layout-flow\">\n<figure class=\"wp-block-image size-large\"><img fetchpriority=\"high\" decoding=\"async\" width=\"1024\" height=\"284\" src=\"https:\/\/aneobrasil.com.br\/wp-content\/uploads\/2023\/06\/logo-curaprox-swiss-1-scaled-1-1024x284.jpg\" alt=\"\" class=\"wp-image-2397\" srcset=\"https:\/\/aneobrasil.com.br\/wp-content\/uploads\/2023\/06\/logo-curaprox-swiss-1-scaled-1-1024x284.jpg 1024w, https:\/\/aneobrasil.com.br\/wp-content\/uploads\/2023\/06\/logo-curaprox-swiss-1-scaled-1-300x83.jpg 300w, https:\/\/aneobrasil.com.br\/wp-content\/uploads\/2023\/06\/logo-curaprox-swiss-1-scaled-1-768x213.jpg 768w, https:\/\/aneobrasil.com.br\/wp-content\/uploads\/2023\/06\/logo-curaprox-swiss-1-scaled-1-1536x426.jpg 1536w, https:\/\/aneobrasil.com.br\/wp-content\/uploads\/2023\/06\/logo-curaprox-swiss-1-scaled-1-2048x568.jpg 2048w\" sizes=\"(max-width: 1024px) 100vw, 1024px\" \/><\/figure>\n<\/div>\n\n\n\n<div class=\"wp-block-column is-vertically-aligned-center is-layout-flow wp-block-column-is-layout-flow\">\n<div class=\"wp-block-uagb-image uagb-block-b0266487 wp-block-uagb-image--layout-default wp-block-uagb-image--effect-zoomin wp-block-uagb-image--align-none animated fadeInDown\"><figure class=\"wp-block-uagb-image__figure\"><img loading=\"lazy\" decoding=\"async\" srcset=\"https:\/\/aneobrasil.com.br\/wp-content\/uploads\/2022\/10\/image-10.png \" src=\"https:\/\/aneobrasil.com.br\/wp-content\/uploads\/2022\/10\/image-10.png\" alt=\"Imagem do Parceiro - Abzil\" class=\"uag-image-405\" width=\"226\" height=\"114\" title=\"\" loading=\"lazy\"\/><\/figure><\/div>\n<\/div>\n\n\n\n<div class=\"wp-block-column is-layout-flow wp-block-column-is-layout-flow\">\n<div class=\"wp-block-uagb-image uagb-block-fb57bd8e wp-block-uagb-image--layout-default wp-block-uagb-image--effect-static wp-block-uagb-image--align-none animated fadeInDown\"><figure class=\"wp-block-uagb-image__figure\"><img loading=\"lazy\" decoding=\"async\" srcset=\"https:\/\/aneobrasil.com.br\/wp-content\/uploads\/2022\/10\/image-3.png \" src=\"https:\/\/aneobrasil.com.br\/wp-content\/uploads\/2022\/10\/image-3.png\" alt=\"Imagem do Parceiro - PODIUM\" class=\"uag-image-398\" width=\"220\" height=\"210\" title=\"\" loading=\"lazy\"\/><\/figure><\/div>\n<\/div>\n\n\n\n<div class=\"wp-block-column is-vertically-aligned-center is-layout-flow wp-block-column-is-layout-flow\">\n<div class=\"wp-block-uagb-image uagb-block-732f40f3 wp-block-uagb-image--layout-default wp-block-uagb-image--effect-zoomin wp-block-uagb-image--align-none animated fadeInDown\"><figure class=\"wp-block-uagb-image__figure\"><img decoding=\"async\" srcset=\"https:\/\/aneobrasil.com.br\/wp-content\/uploads\/2023\/07\/arte-111-1.png \" src=\"https:\/\/aneobrasil.com.br\/wp-content\/uploads\/2023\/07\/arte-111-1.png\" alt=\"\" class=\"uag-image-2907\" width=\"\" height=\"\" title=\"\" loading=\"lazy\"\/><\/figure><\/div>\n<\/div>\n\n\n\n<div class=\"wp-block-column is-vertically-aligned-center is-layout-flow wp-block-column-is-layout-flow\">\n<div class=\"wp-block-uagb-image uagb-block-75ab4807 wp-block-uagb-image--layout-default wp-block-uagb-image--effect-zoomin wp-block-uagb-image--align-none animated fadeInRight\"><figure class=\"wp-block-uagb-image__figure\"><img loading=\"lazy\" decoding=\"async\" srcset=\"https:\/\/aneobrasil.com.br\/wp-content\/uploads\/2022\/10\/image-5.png \" src=\"https:\/\/aneobrasil.com.br\/wp-content\/uploads\/2022\/10\/image-5.png\" alt=\"Imagem do Parceiro - Densply\" class=\"uag-image-400\" width=\"220\" height=\"116\" title=\"\" loading=\"lazy\"\/><\/figure><\/div>\n<\/div>\n<\/div>\n\n\n\n<div class=\"wp-block-columns has-border-color has-white-border-color has-ffffff-background-color has-background is-layout-flex wp-container-core-columns-is-layout-28f84493 wp-block-columns-is-layout-flex\">\n<div class=\"wp-block-column is-vertically-aligned-center is-layout-flow wp-block-column-is-layout-flow\">\n<figure class=\"wp-block-image size-full is-resized\"><img decoding=\"async\" src=\"https:\/\/aneobrasil.com.br\/wp-content\/uploads\/2022\/10\/image-4.png\" alt=\"Imagem do Parceiro - UPGLOBAL\" class=\"wp-image-399\" width=\"150\" height=\"150\" srcset=\"https:\/\/aneobrasil.com.br\/wp-content\/uploads\/2022\/10\/image-4.png 300w, https:\/\/aneobrasil.com.br\/wp-content\/uploads\/2022\/10\/image-4-150x150.png 150w\" sizes=\"(max-width: 150px) 100vw, 150px\" \/><\/figure>\n<\/div>\n\n\n\n<div class=\"wp-block-column is-layout-flow wp-block-column-is-layout-flow\">\n<div class=\"wp-block-uagb-image uagb-block-5ad4426c wp-block-uagb-image--layout-default wp-block-uagb-image--effect-zoomin wp-block-uagb-image--align-none animated fadeInLeft\"><figure class=\"wp-block-uagb-image__figure\"><img loading=\"lazy\" decoding=\"async\" srcset=\"https:\/\/aneobrasil.com.br\/wp-content\/uploads\/2022\/10\/image-6.png \" src=\"https:\/\/aneobrasil.com.br\/wp-content\/uploads\/2022\/10\/image-6.png\" alt=\"Imagem do Parceiro - OralB\" class=\"uag-image-401\" width=\"200\" height=\"106\" title=\"\" loading=\"lazy\"\/><\/figure><\/div>\n<\/div>\n\n\n\n<div class=\"wp-block-column is-layout-flow wp-block-column-is-layout-flow\">\n<div class=\"wp-block-uagb-image uagb-block-fd3f26fd wp-block-uagb-image--layout-default wp-block-uagb-image--effect-zoomin wp-block-uagb-image--align-none animated fadeInUp\"><figure class=\"wp-block-uagb-image__figure\"><img loading=\"lazy\" decoding=\"async\" srcset=\"https:\/\/aneobrasil.com.br\/wp-content\/uploads\/2022\/10\/image-7.png \" src=\"https:\/\/aneobrasil.com.br\/wp-content\/uploads\/2022\/10\/image-7.png\" alt=\"Imagem do Parceiro - Morelli\" class=\"uag-image-402\" width=\"198\" height=\"105\" title=\"\" loading=\"lazy\"\/><\/figure><\/div>\n<\/div>\n\n\n\n<div class=\"wp-block-column is-layout-flow wp-block-column-is-layout-flow\">\n<div class=\"wp-block-uagb-image uagb-block-ff5ab570 wp-block-uagb-image--layout-default wp-block-uagb-image--effect-zoomin wp-block-uagb-image--align-none animated fadeInUp\"><figure class=\"wp-block-uagb-image__figure\"><img loading=\"lazy\" decoding=\"async\" srcset=\"https:\/\/aneobrasil.com.br\/wp-content\/uploads\/2022\/10\/image-8.png \" src=\"https:\/\/aneobrasil.com.br\/wp-content\/uploads\/2022\/10\/image-8.png\" alt=\"\" class=\"uag-image-403\" width=\"196\" height=\"104\" title=\"\" loading=\"lazy\"\/><\/figure><\/div>\n<\/div>\n\n\n\n<div class=\"wp-block-column is-layout-flow wp-block-column-is-layout-flow\">\n<div class=\"wp-block-uagb-image uagb-block-1fc105f4 wp-block-uagb-image--layout-default wp-block-uagb-image--effect-zoomin wp-block-uagb-image--align-none animated fadeInRight\"><figure class=\"wp-block-uagb-image__figure\"><img loading=\"lazy\" decoding=\"async\" srcset=\"https:\/\/aneobrasil.com.br\/wp-content\/uploads\/2022\/10\/image-9.png \" src=\"https:\/\/aneobrasil.com.br\/wp-content\/uploads\/2022\/10\/image-9.png\" alt=\"Imagem do Parceiro - ADITEK\" class=\"uag-image-404\" width=\"210\" height=\"105\" title=\"\" loading=\"lazy\"\/><\/figure><\/div>\n<\/div>\n<\/div>\n<\/div><\/div>\n\n\n\n<div class=\"wp-block-uagb-container uagb-block-11f87b77 alignfull uagb-is-root-container\"><div class=\"uagb-container-inner-blocks-wrap\"><\/div><\/div>\n\n\n\n<div class=\"wp-block-uagb-container uagb-block-49dbe876 alignfull uagb-is-root-container\"><div class=\"uagb-container-inner-blocks-wrap\">\n<div class=\"wp-block-columns has-background is-layout-flex wp-container-core-columns-is-layout-28f84493 wp-block-columns-is-layout-flex\" style=\"background-color:#054a32\">\n<div class=\"wp-block-column has-background is-layout-flow wp-block-column-is-layout-flow\" style=\"background-color:#054a32\">\n<figure class=\"wp-block-image size-large is-resized\"><img loading=\"lazy\" decoding=\"async\" src=\"https:\/\/aneobrasil.com.br\/wp-content\/uploads\/2023\/06\/LOGO-ANEO-FONTES-BRANCAS-1024x1024.png\" alt=\"\" class=\"wp-image-2554\" width=\"166\" height=\"166\" srcset=\"https:\/\/aneobrasil.com.br\/wp-content\/uploads\/2023\/06\/LOGO-ANEO-FONTES-BRANCAS-1024x1024.png 1024w, https:\/\/aneobrasil.com.br\/wp-content\/uploads\/2023\/06\/LOGO-ANEO-FONTES-BRANCAS-300x300.png 300w, https:\/\/aneobrasil.com.br\/wp-content\/uploads\/2023\/06\/LOGO-ANEO-FONTES-BRANCAS-150x150.png 150w, https:\/\/aneobrasil.com.br\/wp-content\/uploads\/2023\/06\/LOGO-ANEO-FONTES-BRANCAS-768x768.png 768w, https:\/\/aneobrasil.com.br\/wp-content\/uploads\/2023\/06\/LOGO-ANEO-FONTES-BRANCAS-1536x1536.png 1536w, https:\/\/aneobrasil.com.br\/wp-content\/uploads\/2023\/06\/LOGO-ANEO-FONTES-BRANCAS.png 1563w\" sizes=\"(max-width: 166px) 100vw, 166px\" \/><\/figure>\n\n\n\n<div class=\"wp-block-columns is-layout-flex wp-container-core-columns-is-layout-28f84493 wp-block-columns-is-layout-flex\">\n<div class=\"wp-block-column is-layout-flow wp-block-column-is-layout-flow\">\n<p><mark style=\"background-color:rgba(0, 0, 0, 0)\" class=\"has-inline-color has-ast-global-color-5-color\"><strong><a href=\"https:\/\/aneobrasil.com.br\/\" target=\"_blank\" rel=\"noopener\" title=\"Home\">Home<\/a><\/strong><\/mark><\/p>\n\n\n\n<p><mark style=\"background-color:rgba(0, 0, 0, 0)\" class=\"has-inline-color has-ast-global-color-5-color\"><strong><a href=\"https:\/\/aneobrasil.com.br\/?page_id=1523\" target=\"_blank\" rel=\"noopener\" title=\"Quem Somos\">Quem Somos<\/a><\/strong><\/mark><\/p>\n\n\n\n<p><strong><mark style=\"background-color:rgba(0, 0, 0, 0)\" class=\"has-inline-color has-ast-global-color-5-color\"><a href=\"https:\/\/aneobrasil.com.br\/?page_id=224\" target=\"_blank\" rel=\"noopener\" title=\"Cursos\">Cursos<\/a><\/mark><\/strong><\/p>\n\n\n\n<p><mark style=\"background-color:rgba(0, 0, 0, 0)\" class=\"has-inline-color has-ast-global-color-5-color\"><strong><a href=\"https:\/\/aneobrasil.com.br\/?page_id=385\" target=\"_blank\" rel=\"noopener\" title=\"Contato\">Contato<\/a><\/strong><\/mark><\/p>\n<\/div>\n<\/div>\n<\/div>\n\n\n\n<div class=\"wp-block-column has-background is-layout-flow wp-block-column-is-layout-flow\" style=\"background-color:#054a32\">\n<h3 class=\"wp-block-heading has-text-align-left\"><strong><mark style=\"background-color:rgba(0, 0, 0, 0);color:#ffae00\" class=\"has-inline-color\">Unidades<\/mark><\/strong><\/h3>\n\n\n\n<p class=\"has-text-align-left\"><mark style=\"background-color:rgba(0, 0, 0, 0)\" class=\"has-inline-color has-ast-global-color-5-color\"><strong><a href=\"https:\/\/aneobrasil.com.br\/?page_id=2096\" target=\"_blank\" rel=\"noopener\" title=\"Bras\u00edlia-DF\">Bras\u00edlia-DF<\/a><\/strong><\/mark><mark style=\"background-color:rgba(0, 0, 0, 0)\" class=\"has-inline-color has-ast-global-color-5-color\"><\/mark><\/p>\n\n\n\n<p class=\"has-text-align-left\"><mark style=\"background-color:rgba(0, 0, 0, 0)\" class=\"has-inline-color has-ast-global-color-5-color\"><strong><a href=\"https:\/\/aneobrasil.com.br\/?page_id=2246\" target=\"_blank\" rel=\"noopener\" title=\"Palmas-To\">Palmas-To<\/a><\/strong><\/mark><\/p>\n\n\n\n<p class=\"has-text-align-left\"><mark style=\"background-color:rgba(0, 0, 0, 0)\" class=\"has-inline-color has-ast-global-color-5-color\"><strong><a href=\"https:\/\/aneobrasil.com.br\/?page_id=1968\" target=\"_blank\" rel=\"noopener\" title=\"  Itabuna-BA\">Itabuna-BA<\/a><\/strong><\/mark><\/p>\n\n\n\n<p class=\"has-text-align-left\"><mark style=\"background-color:rgba(0, 0, 0, 0)\" class=\"has-inline-color has-ast-global-color-5-color\"><strong><a href=\"https:\/\/aneobrasil.com.br\/?page_id=3321\" target=\"_blank\" rel=\"noopener\" title=\"\">Goi\u00e2nia-GO<\/a><\/strong><\/mark><\/p>\n\n\n\n<p class=\"has-text-align-left\"><strong><mark style=\"background-color:rgba(0, 0, 0, 0)\" class=\"has-inline-color has-ast-global-color-5-color\"><a href=\"https:\/\/aneobrasil.com.br\/?page_id=3512\" target=\"_blank\" rel=\"noopener\" title=\"Rio de Janeiro - RJ\">Rio de Janeiro &#8211; RJ<\/a><\/mark><\/strong><\/p>\n\n\n\n<div class=\"wp-block-uagb-container uagb-block-2e163087 alignfull uagb-is-root-container\"><div class=\"uagb-container-inner-blocks-wrap\"><\/div><\/div>\n\n\n\n<figure class=\"wp-block-image size-full is-resized\"><img loading=\"lazy\" decoding=\"async\" src=\"https:\/\/aneobrasil.com.br\/wp-content\/uploads\/2023\/06\/selo-garantia-768x205-1.png\" alt=\"\" class=\"wp-image-2555\" width=\"291\" height=\"78\" srcset=\"https:\/\/aneobrasil.com.br\/wp-content\/uploads\/2023\/06\/selo-garantia-768x205-1.png 768w, https:\/\/aneobrasil.com.br\/wp-content\/uploads\/2023\/06\/selo-garantia-768x205-1-300x80.png 300w\" sizes=\"(max-width: 291px) 100vw, 291px\" \/><\/figure>\n<\/div>\n\n\n\n<div class=\"wp-block-column is-layout-flow wp-block-column-is-layout-flow\">\n<h4 class=\"wp-block-heading\"><mark style=\"background-color:rgba(0, 0, 0, 0);color:#ffae00\" class=\"has-inline-color\">Endere\u00e7o:<\/mark><\/h4>\n\n\n\n<p class=\"has-ast-global-color-5-color has-text-color\"><a href=\"https:\/\/maps.app.goo.gl\/G6wJqGQ4rKUPRnG77\" target=\"_blank\" rel=\"noopener\" title=\"\">Sepn q. 513 bloco A. Ed. Bittar sala 207<\/a><\/p>\n\n\n\n<h4 class=\"wp-block-heading\"><mark style=\"background-color:rgba(0, 0, 0, 0);color:#ffae00\" class=\"has-inline-color\">Central de Atendimento:<\/mark><\/h4>\n\n\n\n<p><mark style=\"background-color:rgba(0, 0, 0, 0)\" class=\"has-inline-color has-ast-global-color-5-color\"><strong>(61) <\/strong><\/mark><strong><mark style=\"background-color:rgba(0, 0, 0, 0)\" class=\"has-inline-color has-ast-global-color-5-color\">9 8426-4485<\/mark><\/strong><\/p>\n\n\n\n<p><strong><mark style=\"background-color:rgba(0, 0, 0, 0)\" class=\"has-inline-color has-ast-global-color-5-color\">contato@aneobrasilia.com.br<\/mark><\/strong><\/p>\n\n\n\n<ul class=\"wp-block-social-links has-icon-color has-icon-background-color is-layout-flex wp-block-social-links-is-layout-flex\"><li style=\"color:#ffffff;background-color:#3962e3;\" class=\"wp-social-link wp-social-link-youtube  wp-block-social-link\"><a href=\"https:\/\/www.youtube.com\/@aneobrasilia\" class=\"wp-block-social-link-anchor\"><svg width=\"24\" height=\"24\" viewBox=\"0 0 24 24\" version=\"1.1\" xmlns=\"http:\/\/www.w3.org\/2000\/svg\" aria-hidden=\"true\" focusable=\"false\"><path d=\"M21.8,8.001c0,0-0.195-1.378-0.795-1.985c-0.76-0.797-1.613-0.801-2.004-0.847c-2.799-0.202-6.997-0.202-6.997-0.202 h-0.009c0,0-4.198,0-6.997,0.202C4.608,5.216,3.756,5.22,2.995,6.016C2.395,6.623,2.2,8.001,2.2,8.001S2,9.62,2,11.238v1.517 c0,1.618,0.2,3.237,0.2,3.237s0.195,1.378,0.795,1.985c0.761,0.797,1.76,0.771,2.205,0.855c1.6,0.153,6.8,0.201,6.8,0.201 s4.203-0.006,7.001-0.209c0.391-0.047,1.243-0.051,2.004-0.847c0.6-0.607,0.795-1.985,0.795-1.985s0.2-1.618,0.2-3.237v-1.517 C22,9.62,21.8,8.001,21.8,8.001z M9.935,14.594l-0.001-5.62l5.404,2.82L9.935,14.594z\"><\/path><\/svg><span class=\"wp-block-social-link-label screen-reader-text\">YouTube<\/span><\/a><\/li>\n\n<li style=\"color:#ffffff;background-color:#3962e3;\" class=\"wp-social-link wp-social-link-facebook  wp-block-social-link\"><a href=\"https:\/\/www.facebook.com\/aneobrasilia\" class=\"wp-block-social-link-anchor\"><svg width=\"24\" height=\"24\" viewBox=\"0 0 24 24\" version=\"1.1\" xmlns=\"http:\/\/www.w3.org\/2000\/svg\" aria-hidden=\"true\" focusable=\"false\"><path d=\"M12 2C6.5 2 2 6.5 2 12c0 5 3.7 9.1 8.4 9.9v-7H7.9V12h2.5V9.8c0-2.5 1.5-3.9 3.8-3.9 1.1 0 2.2.2 2.2.2v2.5h-1.3c-1.2 0-1.6.8-1.6 1.6V12h2.8l-.4 2.9h-2.3v7C18.3 21.1 22 17 22 12c0-5.5-4.5-10-10-10z\"><\/path><\/svg><span class=\"wp-block-social-link-label screen-reader-text\">Facebook<\/span><\/a><\/li>\n\n<li style=\"color:#ffffff;background-color:#3962e3;\" class=\"wp-social-link wp-social-link-instagram  wp-block-social-link\"><a href=\"https:\/\/www.instagram.com\/aneobrasilia\/\" class=\"wp-block-social-link-anchor\"><svg width=\"24\" height=\"24\" viewBox=\"0 0 24 24\" version=\"1.1\" xmlns=\"http:\/\/www.w3.org\/2000\/svg\" aria-hidden=\"true\" focusable=\"false\"><path d=\"M12,4.622c2.403,0,2.688,0.009,3.637,0.052c0.877,0.04,1.354,0.187,1.671,0.31c0.42,0.163,0.72,0.358,1.035,0.673 c0.315,0.315,0.51,0.615,0.673,1.035c0.123,0.317,0.27,0.794,0.31,1.671c0.043,0.949,0.052,1.234,0.052,3.637 s-0.009,2.688-0.052,3.637c-0.04,0.877-0.187,1.354-0.31,1.671c-0.163,0.42-0.358,0.72-0.673,1.035 c-0.315,0.315-0.615,0.51-1.035,0.673c-0.317,0.123-0.794,0.27-1.671,0.31c-0.949,0.043-1.233,0.052-3.637,0.052 s-2.688-0.009-3.637-0.052c-0.877-0.04-1.354-0.187-1.671-0.31c-0.42-0.163-0.72-0.358-1.035-0.673 c-0.315-0.315-0.51-0.615-0.673-1.035c-0.123-0.317-0.27-0.794-0.31-1.671C4.631,14.688,4.622,14.403,4.622,12 s0.009-2.688,0.052-3.637c0.04-0.877,0.187-1.354,0.31-1.671c0.163-0.42,0.358-0.72,0.673-1.035 c0.315-0.315,0.615-0.51,1.035-0.673c0.317-0.123,0.794-0.27,1.671-0.31C9.312,4.631,9.597,4.622,12,4.622 M12,3 C9.556,3,9.249,3.01,8.289,3.054C7.331,3.098,6.677,3.25,6.105,3.472C5.513,3.702,5.011,4.01,4.511,4.511 c-0.5,0.5-0.808,1.002-1.038,1.594C3.25,6.677,3.098,7.331,3.054,8.289C3.01,9.249,3,9.556,3,12c0,2.444,0.01,2.751,0.054,3.711 c0.044,0.958,0.196,1.612,0.418,2.185c0.23,0.592,0.538,1.094,1.038,1.594c0.5,0.5,1.002,0.808,1.594,1.038 c0.572,0.222,1.227,0.375,2.185,0.418C9.249,20.99,9.556,21,12,21s2.751-0.01,3.711-0.054c0.958-0.044,1.612-0.196,2.185-0.418 c0.592-0.23,1.094-0.538,1.594-1.038c0.5-0.5,0.808-1.002,1.038-1.594c0.222-0.572,0.375-1.227,0.418-2.185 C20.99,14.751,21,14.444,21,12s-0.01-2.751-0.054-3.711c-0.044-0.958-0.196-1.612-0.418-2.185c-0.23-0.592-0.538-1.094-1.038-1.594 c-0.5-0.5-1.002-0.808-1.594-1.038c-0.572-0.222-1.227-0.375-2.185-0.418C14.751,3.01,14.444,3,12,3L12,3z M12,7.378 c-2.552,0-4.622,2.069-4.622,4.622S9.448,16.622,12,16.622s4.622-2.069,4.622-4.622S14.552,7.378,12,7.378z M12,15 c-1.657,0-3-1.343-3-3s1.343-3,3-3s3,1.343,3,3S13.657,15,12,15z M16.804,6.116c-0.596,0-1.08,0.484-1.08,1.08 s0.484,1.08,1.08,1.08c0.596,0,1.08-0.484,1.08-1.08S17.401,6.116,16.804,6.116z\"><\/path><\/svg><span class=\"wp-block-social-link-label screen-reader-text\">Instagram<\/span><\/a><\/li><\/ul>\n<\/div>\n<\/div>\n\n\n\n<p class=\"has-text-align-center has-background\" style=\"background-color:#054a32\"><mark style=\"background-color:rgba(0, 0, 0, 0)\" class=\"has-inline-color has-ast-global-color-5-color\">2023 \u00a9 Copyright \u2013 Associa\u00e7\u00e3o Nacional de Estudos Odontol\u00f3gicos | Todos os Direitos Reservados<\/mark><\/p>\n<\/div><\/div>\n","protected":false},"excerpt":{"rendered":"","protected":false},"author":4,"featured_media":0,"parent":0,"menu_order":0,"comment_status":"closed","ping_status":"closed","template":"","meta":{"_uag_custom_page_level_css":"","_monsterinsights_skip_tracking":false,"_monsterinsights_sitenote_active":false,"_monsterinsights_sitenote_note":"","_monsterinsights_sitenote_category":0,"site-sidebar-layout":"default","site-content-layout":"","ast-site-content-layout":"default","site-content-style":"default","site-sidebar-style":"default","ast-global-header-display":"","ast-banner-title-visibility":"","ast-main-header-display":"","ast-hfb-above-header-display":"","ast-hfb-below-header-display":"","ast-hfb-mobile-header-display":"","site-post-title":"disabled","ast-breadcrumbs-content":"","ast-featured-img":"","footer-sml-layout":"","ast-disable-related-posts":"","theme-transparent-header-meta":"","adv-header-id-meta":"","stick-header-meta":"","header-above-stick-meta":"","header-main-stick-meta":"","header-below-stick-meta":"","astra-migrate-meta-layouts":"default","ast-page-background-enabled":"default","ast-page-background-meta":{"desktop":{"background-color":"var(--ast-global-color-4)","background-image":"","background-repeat":"repeat","background-position":"center center","background-size":"auto","background-attachment":"scroll","background-type":"","background-media":"","overlay-type":"","overlay-color":"","overlay-opacity":"","overlay-gradient":""},"tablet":{"background-color":"","background-image":"","background-repeat":"repeat","background-position":"center center","background-size":"auto","background-attachment":"scroll","background-type":"","background-media":"","overlay-type":"","overlay-color":"","overlay-opacity":"","overlay-gradient":""},"mobile":{"background-color":"","background-image":"","background-repeat":"repeat","background-position":"center center","background-size":"auto","background-attachment":"scroll","background-type":"","background-media":"","overlay-type":"","overlay-color":"","overlay-opacity":"","overlay-gradient":""}},"ast-content-background-meta":{"desktop":{"background-color":"var(--ast-global-color-5)","background-image":"","background-repeat":"repeat","background-position":"center center","background-size":"auto","background-attachment":"scroll","background-type":"","background-media":"","overlay-type":"","overlay-color":"","overlay-opacity":"","overlay-gradient":""},"tablet":{"background-color":"var(--ast-global-color-5)","background-image":"","background-repeat":"repeat","background-position":"center center","background-size":"auto","background-attachment":"scroll","background-type":"","background-media":"","overlay-type":"","overlay-color":"","overlay-opacity":"","overlay-gradient":""},"mobile":{"background-color":"var(--ast-global-color-5)","background-image":"","background-repeat":"repeat","background-position":"center center","background-size":"auto","background-attachment":"scroll","background-type":"","background-media":"","overlay-type":"","overlay-color":"","overlay-opacity":"","overlay-gradient":""}},"_joinchat":[],"footnotes":""},"class_list":["post-227","page","type-page","status-publish","hentry"],"aioseo_notices":[],"uagb_featured_image_src":{"full":false,"thumbnail":false,"medium":false,"medium_large":false,"large":false,"1536x1536":false,"2048x2048":false},"uagb_author_info":{"display_name":"Aneo Brasilia","author_link":"https:\/\/aneobrasil.com.br\/?author=4"},"uagb_comment_info":0,"uagb_excerpt":null,"_links":{"self":[{"href":"https:\/\/aneobrasil.com.br\/index.php?rest_route=\/wp\/v2\/pages\/227","targetHints":{"allow":["GET"]}}],"collection":[{"href":"https:\/\/aneobrasil.com.br\/index.php?rest_route=\/wp\/v2\/pages"}],"about":[{"href":"https:\/\/aneobrasil.com.br\/index.php?rest_route=\/wp\/v2\/types\/page"}],"author":[{"embeddable":true,"href":"https:\/\/aneobrasil.com.br\/index.php?rest_route=\/wp\/v2\/users\/4"}],"replies":[{"embeddable":true,"href":"https:\/\/aneobrasil.com.br\/index.php?rest_route=%2Fwp%2Fv2%2Fcomments&post=227"}],"version-history":[{"count":33,"href":"https:\/\/aneobrasil.com.br\/index.php?rest_route=\/wp\/v2\/pages\/227\/revisions"}],"predecessor-version":[{"id":3184,"href":"https:\/\/aneobrasil.com.br\/index.php?rest_route=\/wp\/v2\/pages\/227\/revisions\/3184"}],"wp:attachment":[{"href":"https:\/\/aneobrasil.com.br\/index.php?rest_route=%2Fwp%2Fv2%2Fmedia&parent=227"}],"curies":[{"name":"wp","href":"https:\/\/api.w.org\/{rel}","templated":true}]}}